{"id":8127,"date":"2025-02-05T13:33:21","date_gmt":"2025-02-05T12:33:21","guid":{"rendered":"https:\/\/pigeonline-aukcje.pl\/?post_type=product&#038;p=8127"},"modified":"2025-02-05T13:36:26","modified_gmt":"2025-02-05T12:36:26","slug":"pl-020-24-6723","status":"publish","type":"product","link":"https:\/\/pigeonline-aukcje.pl\/en\/aukcja\/pl-020-24-6723\/","title":{"rendered":"PL-020-24-6723"},"content":{"rendered":"","protected":false},"excerpt":{"rendered":"<p>Oryg. Zdzis\u0142aw Grzegorz , samica po ca\u0142ym programie lot\u00f3w go\u0142\u0119bi m\u0142odych , szczeg\u00f3\u0142y w rodowodzie wypisanym przez kol. Zdzis\u0142awa. Jest ona c\u00f3rk\u0105 super lotnika,a p\u00f3\u017cniej wybitnego rozp\u0142odowca Colorado!!!!!<\/p>","protected":false},"featured_media":8123,"template":"","meta":[],"product_cat":[16],"product_tag":[],"class_list":{"0":"post-8127","1":"product","2":"type-product","3":"status-publish","4":"has-post-thumbnail","6":"product_cat-uncategorized","8":"first","9":"instock","10":"sold-individually","11":"taxable","12":"shipping-taxable","13":"product-type-auction"},"_links":{"self":[{"href":"https:\/\/pigeonline-aukcje.pl\/en\/wp-json\/wp\/v2\/product\/8127","targetHints":{"allow":["GET"]}}],"collection":[{"href":"https:\/\/pigeonline-aukcje.pl\/en\/wp-json\/wp\/v2\/product"}],"about":[{"href":"https:\/\/pigeonline-aukcje.pl\/en\/wp-json\/wp\/v2\/types\/product"}],"wp:featuredmedia":[{"embeddable":true,"href":"https:\/\/pigeonline-aukcje.pl\/en\/wp-json\/wp\/v2\/media\/8123"}],"wp:attachment":[{"href":"https:\/\/pigeonline-aukcje.pl\/en\/wp-json\/wp\/v2\/media?parent=8127"}],"wp:term":[{"taxonomy":"product_cat","embeddable":true,"href":"https:\/\/pigeonline-aukcje.pl\/en\/wp-json\/wp\/v2\/product_cat?post=8127"},{"taxonomy":"product_tag","embeddable":true,"href":"https:\/\/pigeonline-aukcje.pl\/en\/wp-json\/wp\/v2\/product_tag?post=8127"}],"curies":[{"name":"wp","href":"https:\/\/api.w.org\/{rel}","templated":true}]}}