{"id":8119,"date":"2025-02-05T13:18:54","date_gmt":"2025-02-05T12:18:54","guid":{"rendered":"https:\/\/pigeonline-aukcje.pl\/?post_type=product&#038;p=8119"},"modified":"2025-02-15T20:47:49","modified_gmt":"2025-02-15T19:47:49","slug":"pl-020-24-6689","status":"publish","type":"product","link":"https:\/\/pigeonline-aukcje.pl\/en\/aukcja\/pl-020-24-6689\/","title":{"rendered":"PL-020-24-6689"},"content":{"rendered":"","protected":false},"excerpt":{"rendered":"<p>Oryg. Zdzis\u0142aw Grzegorz , samiec po ca\u0142ym programie lot\u00f3w go\u0142\u0119bi m\u0142odych , szczeg\u00f3\u0142y w rodowodzie wypisanym przez kol. Zdzis\u0142awa. Serdecznie zapraszam do aukcji<\/p>","protected":false},"featured_media":8124,"template":"","meta":[],"product_cat":[16],"product_tag":[],"class_list":{"0":"post-8119","1":"product","2":"type-product","3":"status-publish","4":"has-post-thumbnail","6":"product_cat-uncategorized","8":"first","9":"instock","10":"sold-individually","11":"taxable","12":"shipping-taxable","13":"product-type-auction"},"_links":{"self":[{"href":"https:\/\/pigeonline-aukcje.pl\/en\/wp-json\/wp\/v2\/product\/8119","targetHints":{"allow":["GET"]}}],"collection":[{"href":"https:\/\/pigeonline-aukcje.pl\/en\/wp-json\/wp\/v2\/product"}],"about":[{"href":"https:\/\/pigeonline-aukcje.pl\/en\/wp-json\/wp\/v2\/types\/product"}],"wp:featuredmedia":[{"embeddable":true,"href":"https:\/\/pigeonline-aukcje.pl\/en\/wp-json\/wp\/v2\/media\/8124"}],"wp:attachment":[{"href":"https:\/\/pigeonline-aukcje.pl\/en\/wp-json\/wp\/v2\/media?parent=8119"}],"wp:term":[{"taxonomy":"product_cat","embeddable":true,"href":"https:\/\/pigeonline-aukcje.pl\/en\/wp-json\/wp\/v2\/product_cat?post=8119"},{"taxonomy":"product_tag","embeddable":true,"href":"https:\/\/pigeonline-aukcje.pl\/en\/wp-json\/wp\/v2\/product_tag?post=8119"}],"curies":[{"name":"wp","href":"https:\/\/api.w.org\/{rel}","templated":true}]}}