{"id":8091,"date":"2025-02-05T11:54:42","date_gmt":"2025-02-05T10:54:42","guid":{"rendered":"https:\/\/pigeonline-aukcje.pl\/?post_type=product&#038;p=8091"},"modified":"2025-02-05T11:58:20","modified_gmt":"2025-02-05T10:58:20","slug":"dv-02098-23-1131","status":"publish","type":"product","link":"https:\/\/pigeonline-aukcje.pl\/en\/aukcja\/dv-02098-23-1131\/","title":{"rendered":"DV-02098-23-1131"},"content":{"rendered":"","protected":false},"excerpt":{"rendered":"<p>Orygina\u0142 Giinter Prange , samiec o wyj\u0105tkowym pochodzeniu . Ojcem tego ptaka jest pe\u0142ny brat olimpijki &#8220;515&#8221; natomiast matk\u0105 c\u00f3rka s\u0142ynnego 261-07 (10*1konk.)<\/p>","protected":false},"featured_media":8069,"template":"","meta":[],"product_cat":[16],"product_tag":[],"class_list":{"0":"post-8091","1":"product","2":"type-product","3":"status-publish","4":"has-post-thumbnail","6":"product_cat-uncategorized","8":"first","9":"instock","10":"sold-individually","11":"taxable","12":"shipping-taxable","13":"product-type-auction"},"_links":{"self":[{"href":"https:\/\/pigeonline-aukcje.pl\/en\/wp-json\/wp\/v2\/product\/8091","targetHints":{"allow":["GET"]}}],"collection":[{"href":"https:\/\/pigeonline-aukcje.pl\/en\/wp-json\/wp\/v2\/product"}],"about":[{"href":"https:\/\/pigeonline-aukcje.pl\/en\/wp-json\/wp\/v2\/types\/product"}],"wp:featuredmedia":[{"embeddable":true,"href":"https:\/\/pigeonline-aukcje.pl\/en\/wp-json\/wp\/v2\/media\/8069"}],"wp:attachment":[{"href":"https:\/\/pigeonline-aukcje.pl\/en\/wp-json\/wp\/v2\/media?parent=8091"}],"wp:term":[{"taxonomy":"product_cat","embeddable":true,"href":"https:\/\/pigeonline-aukcje.pl\/en\/wp-json\/wp\/v2\/product_cat?post=8091"},{"taxonomy":"product_tag","embeddable":true,"href":"https:\/\/pigeonline-aukcje.pl\/en\/wp-json\/wp\/v2\/product_tag?post=8091"}],"curies":[{"name":"wp","href":"https:\/\/api.w.org\/{rel}","templated":true}]}}