{"id":8089,"date":"2025-02-05T11:51:59","date_gmt":"2025-02-05T10:51:59","guid":{"rendered":"https:\/\/pigeonline-aukcje.pl\/?post_type=product&#038;p=8089"},"modified":"2025-02-05T11:54:03","modified_gmt":"2025-02-05T10:54:03","slug":"dv-02098-24-2627","status":"publish","type":"product","link":"https:\/\/pigeonline-aukcje.pl\/en\/aukcja\/dv-02098-24-2627\/","title":{"rendered":"DV-02098-24-2627"},"content":{"rendered":"","protected":false},"excerpt":{"rendered":"<p>Orygina\u0142 Giinter Prange , m\u0142ody go\u0142\u0105b b\u0119d\u0105cy wnukiem s\u0142ynnego &#8220;36&#8221;ze strony matki linia Branko od G.Koopmana<\/p>","protected":false},"featured_media":8074,"template":"","meta":[],"product_cat":[16],"product_tag":[],"class_list":{"0":"post-8089","1":"product","2":"type-product","3":"status-publish","4":"has-post-thumbnail","6":"product_cat-uncategorized","8":"first","9":"instock","10":"sold-individually","11":"taxable","12":"shipping-taxable","13":"product-type-auction"},"_links":{"self":[{"href":"https:\/\/pigeonline-aukcje.pl\/en\/wp-json\/wp\/v2\/product\/8089","targetHints":{"allow":["GET"]}}],"collection":[{"href":"https:\/\/pigeonline-aukcje.pl\/en\/wp-json\/wp\/v2\/product"}],"about":[{"href":"https:\/\/pigeonline-aukcje.pl\/en\/wp-json\/wp\/v2\/types\/product"}],"wp:featuredmedia":[{"embeddable":true,"href":"https:\/\/pigeonline-aukcje.pl\/en\/wp-json\/wp\/v2\/media\/8074"}],"wp:attachment":[{"href":"https:\/\/pigeonline-aukcje.pl\/en\/wp-json\/wp\/v2\/media?parent=8089"}],"wp:term":[{"taxonomy":"product_cat","embeddable":true,"href":"https:\/\/pigeonline-aukcje.pl\/en\/wp-json\/wp\/v2\/product_cat?post=8089"},{"taxonomy":"product_tag","embeddable":true,"href":"https:\/\/pigeonline-aukcje.pl\/en\/wp-json\/wp\/v2\/product_tag?post=8089"}],"curies":[{"name":"wp","href":"https:\/\/api.w.org\/{rel}","templated":true}]}}