{"id":8085,"date":"2025-02-05T11:42:44","date_gmt":"2025-02-05T10:42:44","guid":{"rendered":"https:\/\/pigeonline-aukcje.pl\/?post_type=product&#038;p=8085"},"modified":"2025-02-05T11:46:38","modified_gmt":"2025-02-05T10:46:38","slug":"dv-02098-24-2613","status":"publish","type":"product","link":"https:\/\/pigeonline-aukcje.pl\/en\/aukcja\/dv-02098-24-2613\/","title":{"rendered":"DV-02098-24-2613"},"content":{"rendered":"","protected":false},"excerpt":{"rendered":"<p>Orygina\u0142 Giinter Prange , m\u0142ody go\u0142\u0105b b\u0119d\u0105cy wnukiem 520-08 ze strony ojca ,natomiast matk\u0105 jest pe\u0142na siostra olimpijki &#8220;515&#8221;<\/p>","protected":false},"featured_media":8072,"template":"","meta":[],"product_cat":[16],"product_tag":[],"class_list":{"0":"post-8085","1":"product","2":"type-product","3":"status-publish","4":"has-post-thumbnail","6":"product_cat-uncategorized","8":"first","9":"instock","10":"sold-individually","11":"taxable","12":"shipping-taxable","13":"product-type-auction"},"_links":{"self":[{"href":"https:\/\/pigeonline-aukcje.pl\/en\/wp-json\/wp\/v2\/product\/8085","targetHints":{"allow":["GET"]}}],"collection":[{"href":"https:\/\/pigeonline-aukcje.pl\/en\/wp-json\/wp\/v2\/product"}],"about":[{"href":"https:\/\/pigeonline-aukcje.pl\/en\/wp-json\/wp\/v2\/types\/product"}],"wp:featuredmedia":[{"embeddable":true,"href":"https:\/\/pigeonline-aukcje.pl\/en\/wp-json\/wp\/v2\/media\/8072"}],"wp:attachment":[{"href":"https:\/\/pigeonline-aukcje.pl\/en\/wp-json\/wp\/v2\/media?parent=8085"}],"wp:term":[{"taxonomy":"product_cat","embeddable":true,"href":"https:\/\/pigeonline-aukcje.pl\/en\/wp-json\/wp\/v2\/product_cat?post=8085"},{"taxonomy":"product_tag","embeddable":true,"href":"https:\/\/pigeonline-aukcje.pl\/en\/wp-json\/wp\/v2\/product_tag?post=8085"}],"curies":[{"name":"wp","href":"https:\/\/api.w.org\/{rel}","templated":true}]}}