{"id":8083,"date":"2025-02-05T11:36:07","date_gmt":"2025-02-05T10:36:07","guid":{"rendered":"https:\/\/pigeonline-aukcje.pl\/?post_type=product&#038;p=8083"},"modified":"2025-02-05T20:08:33","modified_gmt":"2025-02-05T19:08:33","slug":"dv-02098-24-2601","status":"publish","type":"product","link":"https:\/\/pigeonline-aukcje.pl\/en\/aukcja\/dv-02098-24-2601\/","title":{"rendered":"DV-02098-24-2601"},"content":{"rendered":"","protected":false},"excerpt":{"rendered":"<p>Orygina\u0142 Giinter Prange , m\u0142ody go\u0142\u0105b b\u0119d\u0105cy synem 1077-19 (1 AS BRD 2020r) , natomiast ojcem jest syn 1037*1077 b\u0119d\u0105cy jednocze\u015bnie pe\u0142ynm bratem olimpijki &#8220;515&#8221;<\/p>","protected":false},"featured_media":8071,"template":"","meta":[],"product_cat":[16],"product_tag":[],"class_list":{"0":"post-8083","1":"product","2":"type-product","3":"status-publish","4":"has-post-thumbnail","6":"product_cat-uncategorized","8":"first","9":"instock","10":"sold-individually","11":"taxable","12":"shipping-taxable","13":"product-type-auction"},"_links":{"self":[{"href":"https:\/\/pigeonline-aukcje.pl\/en\/wp-json\/wp\/v2\/product\/8083","targetHints":{"allow":["GET"]}}],"collection":[{"href":"https:\/\/pigeonline-aukcje.pl\/en\/wp-json\/wp\/v2\/product"}],"about":[{"href":"https:\/\/pigeonline-aukcje.pl\/en\/wp-json\/wp\/v2\/types\/product"}],"wp:featuredmedia":[{"embeddable":true,"href":"https:\/\/pigeonline-aukcje.pl\/en\/wp-json\/wp\/v2\/media\/8071"}],"wp:attachment":[{"href":"https:\/\/pigeonline-aukcje.pl\/en\/wp-json\/wp\/v2\/media?parent=8083"}],"wp:term":[{"taxonomy":"product_cat","embeddable":true,"href":"https:\/\/pigeonline-aukcje.pl\/en\/wp-json\/wp\/v2\/product_cat?post=8083"},{"taxonomy":"product_tag","embeddable":true,"href":"https:\/\/pigeonline-aukcje.pl\/en\/wp-json\/wp\/v2\/product_tag?post=8083"}],"curies":[{"name":"wp","href":"https:\/\/api.w.org\/{rel}","templated":true}]}}