{"id":4986,"date":"2019-08-12T12:40:15","date_gmt":"2019-08-12T12:40:15","guid":{"rendered":"https:\/\/ibid-elementor.modeltheme.com\/?page_id=4986"},"modified":"2024-02-08T22:03:39","modified_gmt":"2024-02-08T21:03:39","slug":"o-nas","status":"publish","type":"page","link":"https:\/\/pigeonline-aukcje.pl\/en\/o-nas\/","title":{"rendered":"About us"},"content":{"rendered":"<div data-elementor-type=\"wp-page\" data-elementor-id=\"4986\" class=\"elementor elementor-4986\" data-elementor-post-type=\"page\">\n\t\t\t\t\t\t<section class=\"elementor-section elementor-top-section elementor-element elementor-element-e4ff202 elementor-section-stretched elementor-section-boxed elementor-section-height-default elementor-section-height-default\" data-id=\"e4ff202\" data-element_type=\"section\" data-settings=\"{&quot;stretch_section&quot;:&quot;section-stretched&quot;,&quot;background_background&quot;:&quot;classic&quot;}\">\n\t\t\t\t\t\t<div class=\"elementor-container elementor-column-gap-default\">\n\t\t\t\t\t<div class=\"elementor-column elementor-col-25 elementor-top-column elementor-element elementor-element-d63dd73\" data-id=\"d63dd73\" data-element_type=\"column\">\n\t\t\t<div class=\"elementor-widget-wrap\">\n\t\t\t\t\t\t\t<\/div>\n\t\t<\/div>\n\t\t\t\t<div class=\"elementor-column elementor-col-25 elementor-top-column elementor-element elementor-element-fc8880a\" data-id=\"fc8880a\" data-element_type=\"column\">\n\t\t\t<div class=\"elementor-widget-wrap\">\n\t\t\t\t\t\t\t<\/div>\n\t\t<\/div>\n\t\t\t\t<div class=\"elementor-column elementor-col-25 elementor-top-column elementor-element elementor-element-d8410a3 custom-about\" data-id=\"d8410a3\" data-element_type=\"column\" data-settings=\"{&quot;background_background&quot;:&quot;classic&quot;}\">\n\t\t\t<div class=\"elementor-widget-wrap elementor-element-populated\">\n\t\t\t\t\t\t<div class=\"elementor-element elementor-element-b55a1b7 elementor-widget elementor-widget-text-editor\" data-id=\"b55a1b7\" data-element_type=\"widget\" data-widget_type=\"text-editor.default\">\n\t\t\t\t<div class=\"elementor-widget-container\">\n\t\t\t<style>\/*! elementor - v3.20.0 - 26-03-2024 *\/\n.elementor-widget-text-editor.elementor-drop-cap-view-stacked .elementor-drop-cap{background-color:#69727d;color:#fff}.elementor-widget-text-editor.elementor-drop-cap-view-framed .elementor-drop-cap{color:#69727d;border:3px solid;background-color:transparent}.elementor-widget-text-editor:not(.elementor-drop-cap-view-default) .elementor-drop-cap{margin-top:8px}.elementor-widget-text-editor:not(.elementor-drop-cap-view-default) .elementor-drop-cap-letter{width:1em;height:1em}.elementor-widget-text-editor .elementor-drop-cap{float:left;text-align:center;line-height:1;font-size:50px}.elementor-widget-text-editor .elementor-drop-cap-letter{display:inline-block}<\/style>\t\t\t\t<h1 style=\"font-size: 34px; line-height: 41px; color: #484848;\"><strong>About us<\/strong><\/h1>\t\t\t\t\t\t<\/div>\n\t\t\t\t<\/div>\n\t\t\t\t<div class=\"elementor-element elementor-element-8f4b9c2 elementor-widget elementor-widget-text-editor\" data-id=\"8f4b9c2\" data-element_type=\"widget\" data-widget_type=\"text-editor.default\">\n\t\t\t\t<div class=\"elementor-widget-container\">\n\t\t\t\t\t\t\t<p>Pigeonline -aukcje to profesjonalny portal aukcyjny, kt\u00f3rego podstawowym za\u0142o\u017ceniem jest aukcyjna sprzeda\u017c go\u0142\u0119bi pocztowych od wybitnych hodowc\u00f3w z naszego kraju i spoza jego granic.<\/p><p>Selektywny dob\u00f3r zar\u00f3wno go\u0142\u0119bi jak i wystawc\u00f3w gwarantuje najwy\u017csz\u0105 jako\u015b\u0107 dostarczanego przez portal materia\u0142u zarodowego oraz go\u0142\u0119bi sportowych.<\/p>\t\t\t\t\t\t<\/div>\n\t\t\t\t<\/div>\n\t\t\t\t\t<\/div>\n\t\t<\/div>\n\t\t\t\t<div class=\"elementor-column elementor-col-25 elementor-top-column elementor-element elementor-element-edc44ba\" data-id=\"edc44ba\" data-element_type=\"column\">\n\t\t\t<div class=\"elementor-widget-wrap\">\n\t\t\t\t\t\t\t<\/div>\n\t\t<\/div>\n\t\t\t\t\t<\/div>\n\t\t<\/section>\n\t\t\t\t<section class=\"elementor-section elementor-top-section elementor-element elementor-element-9e48cac elementor-section-boxed elementor-section-height-default elementor-section-height-default\" data-id=\"9e48cac\" data-element_type=\"section\">\n\t\t\t\t\t\t<div class=\"elementor-container elementor-column-gap-default\">\n\t\t\t\t\t<div class=\"elementor-column elementor-col-33 elementor-top-column elementor-element elementor-element-1a9e2c0\" data-id=\"1a9e2c0\" data-element_type=\"column\">\n\t\t\t<div class=\"elementor-widget-wrap elementor-element-populated\">\n\t\t\t\t\t\t<div class=\"elementor-element elementor-element-f59dd6c elementor-invisible elementor-widget elementor-widget-image\" data-id=\"f59dd6c\" data-element_type=\"widget\" data-settings=\"{&quot;_animation&quot;:&quot;bounceInLeft&quot;}\" data-widget_type=\"image.default\">\n\t\t\t\t<div class=\"elementor-widget-container\">\n\t\t\t<style>\/*! elementor - v3.20.0 - 26-03-2024 *\/\n.elementor-widget-image{text-align:center}.elementor-widget-image a{display:inline-block}.elementor-widget-image a img[src$=\".svg\"]{width:48px}.elementor-widget-image img{vertical-align:middle;display:inline-block}<\/style>\t\t\t\t\t\t\t\t\t\t<img decoding=\"async\" src=\"https:\/\/pigeonline-aukcje.pl\/wp-content\/uploads\/2023\/11\/Pigeonline.svg\" title=\"Pigeonline\" alt=\"Pigeonline\" loading=\"lazy\" \/>\t\t\t\t\t\t\t\t\t\t\t\t\t<\/div>\n\t\t\t\t<\/div>\n\t\t\t\t\t<\/div>\n\t\t<\/div>\n\t\t\t\t<div class=\"elementor-column elementor-col-66 elementor-top-column elementor-element elementor-element-8698840\" data-id=\"8698840\" data-element_type=\"column\">\n\t\t\t<div class=\"elementor-widget-wrap elementor-element-populated\">\n\t\t\t\t\t\t<div class=\"elementor-element elementor-element-11e64e8 elementor-widget elementor-widget-text-editor\" data-id=\"11e64e8\" data-element_type=\"widget\" data-widget_type=\"text-editor.default\">\n\t\t\t\t<div class=\"elementor-widget-container\">\n\t\t\t\t\t\t\t<p>Opieraj\u0105c si\u0119 o w\u0142asne do\u015bwiadczenie pragniemy&nbsp; s\u0142u\u017cy\u0107&nbsp; pomoc\u0105 nie tylko w zakresie wyboru go\u0142\u0119bi, ale r\u00f3wnie\u017c chcemy aby Pigeonline \u2013 aukcje by\u0142 portalem o charakterze edukacyjnym.&nbsp;<\/p>\n<p>W oparciu o wieloletnie do\u015bwiadczenie hodowlane (potwierdzone mistrzowskimi wynikami) za po\u015brednictwem g\u0142\u00f3wnego koordynatora projektu Marcina Pawlaka na \u0142amach portalu Pigeonline-aukcje w zak\u0142adce <a href=\"https:\/\/pigeonline-aukcje.pl\/en\/aktualnosci\/\">ARTICLES<\/a> znajdziecie Pa\u0144stwo&nbsp; szczeg\u00f3\u0142owe informacje na temat prowadzenia hodowli i metod hodowlano-lotowych w oparciu o literatur\u0119 fachow\u0105, informacje uzyskane od czo\u0142owych hodowc\u00f3w oraz wspomniane wy\u017cej w\u0142asne d\u0142ugoletnie do\u015bwiadczenie.<\/p>\n<p>W zak\u0142adce <a href=\"https:\/\/pigeonline-aukcje.pl\/en\/filmy\/\">FILMY<\/a> zaprezentujemy szereg wywiad\u00f3w przybli\u017caj\u0105c postacie Hodowc\u00f3w, dla kt\u00f3rych go\u0142\u0119bie sportowe, ich hodowla i piel\u0119gnacja jest \u017cyciow\u0105 drog\u0105 i najwa\u017cniejsz\u0105 pasj\u0105. Pigeonline-aukcje jest r\u00f3wnie\u017c&nbsp; patronem i wsp\u00f3\u0142za\u0142o\u017cycielem niewielkiej hodowli zarodowej, z kt\u00f3rej m\u0142ode go\u0142\u0119bie b\u0119d\u0105 do nabycia wy\u0142\u0105cznie za po\u015brednictwem portalu, a dla pe\u0142nej transparentno\u015bci wszystkie m\u0142ode ptaki b\u0119d\u0105 zaopatrzone w certyfikaty DNA!!!<\/p>\n<p>Go\u0142\u0119bie przyjmowane na portal zostan\u0105 poddane ocenie w pi\u0119ciostopiniowej skali.<\/p>\n<p>Ostatnim ogniwem Pigeonline-aukcje&nbsp; jest sklep internetowy za po\u015brednictwem,&nbsp; kt\u00f3rego b\u0119dziemy dostarcza\u0107 najwy\u017cszej jako\u015bci karm, suplement\u00f3w, ekologicznych produkt\u00f3w pszczelarskich oraz wysokiej jako\u015bci artyku\u0142\u00f3w do hodowli go\u0142\u0119bi pocztowych.&nbsp;<\/p>\n<p>Reasumuj\u0105c dzia\u0142alno\u015b\u0107 Portalu Pigeonline-aukcje ma trafia\u0107 do os\u00f3b, kt\u00f3rych pasj\u0105 jest HODOWLA GO\u0141\u0118BI SPORTOWYCH, aby kompleksowo zaspokoi\u0107 wszystkie potrzeby zwi\u0105zane z tym wspania\u0142ym hobby. Ko\u0144cz\u0105c pragniemy serdecznie zaprosi\u0107 do wsp\u00f3\u0142pracy i bacznego obserwowania aktualnych wydarze\u0144 na platformie internetowej PIGEONLINE\u2013AUKCJE.<\/p>\t\t\t\t\t\t<\/div>\n\t\t\t\t<\/div>\n\t\t\t\t\t<\/div>\n\t\t<\/div>\n\t\t\t\t\t<\/div>\n\t\t<\/section>\n\t\t\t\t<section class=\"elementor-section elementor-top-section elementor-element elementor-element-ce2db5b elementor-section-boxed elementor-section-height-default elementor-section-height-default\" data-id=\"ce2db5b\" data-element_type=\"section\">\n\t\t\t\t\t\t<div class=\"elementor-container elementor-column-gap-default\">\n\t\t\t\t\t<div class=\"elementor-column elementor-col-25 elementor-top-column elementor-element elementor-element-032de7d elementor-invisible\" data-id=\"032de7d\" data-element_type=\"column\" data-settings=\"{&quot;animation&quot;:&quot;rotateInDownLeft&quot;}\">\n\t\t\t<div class=\"elementor-widget-wrap elementor-element-populated\">\n\t\t\t\t\t\t<div class=\"elementor-element elementor-element-143787b elementor-widget elementor-widget-list-group-item\" data-id=\"143787b\" data-element_type=\"widget\" data-widget_type=\"list-group-item.default\">\n\t\t\t\t<div class=\"elementor-widget-container\">\n\t\t\t<div class=\"mt-icon-listgroup-item wow\"><a href=\"#\"><div class=\"mt-icon-listgroup-holder\">\n\t\t                  <div class=\"mt-icon-listgroup-icon-holder-inner\"><img decoding=\"async\" alt=\"list-image\" style=\"margin-right:20px;\" class=\"mt-image-list\" src=\"https:\/\/pigeonline-aukcje.pl\/wp-content\/uploads\/2023\/11\/support_icons.png\"><\/div>\n\t\t                <div class=\"mt-icon-listgroup-content-holder-inner\">\n\t\t                  <p class=\"mt-icon-listgroup-title\" style=\"font-size: 20px; color: #343E47\">Customer service<\/p>\n\t\t                  <p class=\"mt-icon-listgroup-text\" style=\"font-size: 14px; color: #606060\">at the highest level<\/p>                  \n\t\t                <\/div>\n\t\t              <\/div><\/a><\/div>\t\t<\/div>\n\t\t\t\t<\/div>\n\t\t\t\t\t<\/div>\n\t\t<\/div>\n\t\t\t\t<div class=\"elementor-column elementor-col-25 elementor-top-column elementor-element elementor-element-ef8821f elementor-invisible\" data-id=\"ef8821f\" data-element_type=\"column\" data-settings=\"{&quot;animation&quot;:&quot;rotateInDownLeft&quot;}\">\n\t\t\t<div class=\"elementor-widget-wrap elementor-element-populated\">\n\t\t\t\t\t\t<div class=\"elementor-element elementor-element-78060f0 elementor-widget elementor-widget-list-group-item\" data-id=\"78060f0\" data-element_type=\"widget\" data-widget_type=\"list-group-item.default\">\n\t\t\t\t<div class=\"elementor-widget-container\">\n\t\t\t<div class=\"mt-icon-listgroup-item wow\"><a href=\"#\"><div class=\"mt-icon-listgroup-holder\">\n\t\t                  <div class=\"mt-icon-listgroup-icon-holder-inner\"><img decoding=\"async\" alt=\"list-image\" style=\"margin-right:20px;\" class=\"mt-image-list\" src=\"https:\/\/pigeonline-aukcje.pl\/wp-content\/uploads\/2023\/11\/tracking_icons.png\"><\/div>\n\t\t                <div class=\"mt-icon-listgroup-content-holder-inner\">\n\t\t                  <p class=\"mt-icon-listgroup-title\" style=\"font-size: 20px; color: #343E47\">Order Tracking<\/p>\n\t\t                  <p class=\"mt-icon-listgroup-text\" style=\"font-size: 14px; color: #606060\">at every stage<\/p>                  \n\t\t                <\/div>\n\t\t              <\/div><\/a><\/div>\t\t<\/div>\n\t\t\t\t<\/div>\n\t\t\t\t\t<\/div>\n\t\t<\/div>\n\t\t\t\t<div class=\"elementor-column elementor-col-25 elementor-top-column elementor-element elementor-element-473a31a elementor-invisible\" data-id=\"473a31a\" data-element_type=\"column\" data-settings=\"{&quot;animation&quot;:&quot;rotateInDownLeft&quot;}\">\n\t\t\t<div class=\"elementor-widget-wrap elementor-element-populated\">\n\t\t\t\t\t\t<div class=\"elementor-element elementor-element-9e76ad4 elementor-widget elementor-widget-list-group-item\" data-id=\"9e76ad4\" data-element_type=\"widget\" data-widget_type=\"list-group-item.default\">\n\t\t\t\t<div class=\"elementor-widget-container\">\n\t\t\t<div class=\"mt-icon-listgroup-item wow\"><a href=\"#\"><div class=\"mt-icon-listgroup-holder\">\n\t\t                  <div class=\"mt-icon-listgroup-icon-holder-inner\"><img decoding=\"async\" alt=\"list-image\" style=\"margin-right:20px;\" class=\"mt-image-list\" src=\"https:\/\/pigeonline-aukcje.pl\/wp-content\/uploads\/2023\/11\/deliveries_icons.png\"><\/div>\n\t\t                <div class=\"mt-icon-listgroup-content-holder-inner\">\n\t\t                  <p class=\"mt-icon-listgroup-title\" style=\"font-size: 20px; color: #343E47\">Fastest Delivery<\/p>\n\t\t                  <p class=\"mt-icon-listgroup-text\" style=\"font-size: 14px; color: #606060\">anywhere<\/p>                  \n\t\t                <\/div>\n\t\t              <\/div><\/a><\/div>\t\t<\/div>\n\t\t\t\t<\/div>\n\t\t\t\t\t<\/div>\n\t\t<\/div>\n\t\t\t\t<div class=\"elementor-column elementor-col-25 elementor-top-column elementor-element elementor-element-0dc2a5a elementor-invisible\" data-id=\"0dc2a5a\" data-element_type=\"column\" data-settings=\"{&quot;animation&quot;:&quot;rotateInDownLeft&quot;}\">\n\t\t\t<div class=\"elementor-widget-wrap elementor-element-populated\">\n\t\t\t\t\t\t<div class=\"elementor-element elementor-element-db53409 elementor-widget elementor-widget-list-group-item\" data-id=\"db53409\" data-element_type=\"widget\" data-widget_type=\"list-group-item.default\">\n\t\t\t\t<div class=\"elementor-widget-container\">\n\t\t\t<div class=\"mt-icon-listgroup-item wow\"><a href=\"#\"><div class=\"mt-icon-listgroup-holder\">\n\t\t                  <div class=\"mt-icon-listgroup-icon-holder-inner\"><img decoding=\"async\" alt=\"list-image\" style=\"margin-right:20px;\" class=\"mt-image-list\" src=\"https:\/\/pigeonline-aukcje.pl\/wp-content\/uploads\/2023\/11\/money_icons.png\"><\/div>\n\t\t                <div class=\"mt-icon-listgroup-content-holder-inner\">\n\t\t                  <p class=\"mt-icon-listgroup-title\" style=\"font-size: 20px; color: #343E47\">Safe Shopping<\/p>\n\t\t                  <p class=\"mt-icon-listgroup-text\" style=\"font-size: 14px; color: #606060\">under full protection<\/p>                  \n\t\t                <\/div>\n\t\t              <\/div><\/a><\/div>\t\t<\/div>\n\t\t\t\t<\/div>\n\t\t\t\t\t<\/div>\n\t\t<\/div>\n\t\t\t\t\t<\/div>\n\t\t<\/section>\n\t\t\t\t<section class=\"elementor-section elementor-top-section elementor-element elementor-element-20ca201 elementor-section-stretched elementor-section-boxed elementor-section-height-default elementor-section-height-default\" data-id=\"20ca201\" data-element_type=\"section\" data-settings=\"{&quot;stretch_section&quot;:&quot;section-stretched&quot;,&quot;background_background&quot;:&quot;classic&quot;}\">\n\t\t\t\t\t\t<div class=\"elementor-container elementor-column-gap-default\">\n\t\t\t\t\t<div class=\"elementor-column elementor-col-50 elementor-top-column elementor-element elementor-element-6c98b15\" data-id=\"6c98b15\" data-element_type=\"column\">\n\t\t\t<div class=\"elementor-widget-wrap\">\n\t\t\t\t\t\t\t<\/div>\n\t\t<\/div>\n\t\t\t\t<div class=\"elementor-column elementor-col-50 elementor-top-column elementor-element elementor-element-b9859be\" data-id=\"b9859be\" data-element_type=\"column\">\n\t\t\t<div class=\"elementor-widget-wrap elementor-element-populated\">\n\t\t\t\t\t\t<section class=\"elementor-section elementor-inner-section elementor-element elementor-element-6b083bc elementor-section-boxed elementor-section-height-default elementor-section-height-default\" data-id=\"6b083bc\" data-element_type=\"section\">\n\t\t\t\t\t\t<div class=\"elementor-container elementor-column-gap-default\">\n\t\t\t\t\t<div class=\"elementor-column elementor-col-50 elementor-inner-column elementor-element elementor-element-f0153dd\" data-id=\"f0153dd\" data-element_type=\"column\">\n\t\t\t<div class=\"elementor-widget-wrap elementor-element-populated\">\n\t\t\t\t\t\t<div class=\"elementor-element elementor-element-b851262 elementor-widget elementor-widget-skill\" data-id=\"b851262\" data-element_type=\"widget\" data-widget_type=\"skill.default\">\n\t\t\t\t<div class=\"elementor-widget-container\">\n\t\t\t<div class=\"stats-block statistics col-md-12 wow\"><div class=\"stats-heading-img col-md-5\"><div class=\"stats-img\"><img decoding=\"async\" src=\"https:\/\/pigeonline-aukcje.pl\/wp-content\/uploads\/2023\/11\/skills-icon1.png\" data-src=\"https:\/\/pigeonline-aukcje.pl\/wp-content\/uploads\/2023\/11\/skills-icon1.png\" alt=\"\"><\/div><\/div><div class=\"stats-content percentage col-md-7\" data-perc=\"10\" style=\"background:\"><span class=\"skill-count\" style=\"color: #484848\">10<\/span><p style=\"color: #484848\">Aukcji<\/p><\/div><\/div>\t\t<\/div>\n\t\t\t\t<\/div>\n\t\t\t\t<div class=\"elementor-element elementor-element-592b6ef elementor-widget elementor-widget-skill\" data-id=\"592b6ef\" data-element_type=\"widget\" data-widget_type=\"skill.default\">\n\t\t\t\t<div class=\"elementor-widget-container\">\n\t\t\t<div class=\"stats-block statistics col-md-12 wow\"><div class=\"stats-heading-img col-md-5\"><div class=\"stats-img\"><img decoding=\"async\" src=\"https:\/\/pigeonline-aukcje.pl\/wp-content\/uploads\/2023\/11\/skills-icon2.png\" data-src=\"https:\/\/pigeonline-aukcje.pl\/wp-content\/uploads\/2023\/11\/skills-icon2.png\" alt=\"\"><\/div><\/div><div class=\"stats-content percentage col-md-7\" data-perc=\"30\" style=\"background:\"><span class=\"skill-count\" style=\"color: #484848\">30<\/span><p style=\"color: #484848\">Sprzedanych<\/p><\/div><\/div>\t\t<\/div>\n\t\t\t\t<\/div>\n\t\t\t\t\t<\/div>\n\t\t<\/div>\n\t\t\t\t<div class=\"elementor-column elementor-col-50 elementor-inner-column elementor-element elementor-element-5a60538\" data-id=\"5a60538\" data-element_type=\"column\">\n\t\t\t<div class=\"elementor-widget-wrap elementor-element-populated\">\n\t\t\t\t\t\t<div class=\"elementor-element elementor-element-23b431b elementor-widget elementor-widget-skill\" data-id=\"23b431b\" data-element_type=\"widget\" data-widget_type=\"skill.default\">\n\t\t\t\t<div class=\"elementor-widget-container\">\n\t\t\t<div class=\"stats-block statistics col-md-12 wow\"><div class=\"stats-heading-img col-md-5\"><div class=\"stats-img\"><img decoding=\"async\" src=\"https:\/\/pigeonline-aukcje.pl\/wp-content\/uploads\/2023\/11\/skills-icon3.png\" data-src=\"https:\/\/pigeonline-aukcje.pl\/wp-content\/uploads\/2023\/11\/skills-icon3.png\" alt=\"\"><\/div><\/div><div class=\"stats-content percentage col-md-7\" data-perc=\"29\" style=\"background:\"><span class=\"skill-count\" style=\"color: #484848\">29<\/span><p style=\"color: #484848\">Klient\u00f3w<\/p><\/div><\/div>\t\t<\/div>\n\t\t\t\t<\/div>\n\t\t\t\t<div class=\"elementor-element elementor-element-4a4e36e elementor-widget elementor-widget-skill\" data-id=\"4a4e36e\" data-element_type=\"widget\" data-widget_type=\"skill.default\">\n\t\t\t\t<div class=\"elementor-widget-container\">\n\t\t\t<div class=\"stats-block statistics col-md-12 wow\"><div class=\"stats-heading-img col-md-5\"><div class=\"stats-img\"><img decoding=\"async\" src=\"https:\/\/pigeonline-aukcje.pl\/wp-content\/uploads\/2023\/11\/skills-icon1.png\" data-src=\"https:\/\/pigeonline-aukcje.pl\/wp-content\/uploads\/2023\/11\/skills-icon1.png\" alt=\"\"><\/div><\/div><div class=\"stats-content percentage col-md-7\" data-perc=\" 116\" style=\"background:\"><span class=\"skill-count\" style=\"color: #484848\"> 116<\/span><p style=\"color: #484848\">Zakup\u00f3w<\/p><\/div><\/div>\t\t<\/div>\n\t\t\t\t<\/div>\n\t\t\t\t\t<\/div>\n\t\t<\/div>\n\t\t\t\t\t<\/div>\n\t\t<\/section>\n\t\t\t\t\t<\/div>\n\t\t<\/div>\n\t\t\t\t\t<\/div>\n\t\t<\/section>\n\t\t\t\t<\/div>","protected":false},"excerpt":{"rendered":"<p>O nas Pigeonline -aukcje to profesjonalny portal aukcyjny, kt\u00f3rego podstawowym za\u0142o\u017ceniem jest aukcyjna sprzeda\u017c go\u0142\u0119bi pocztowych od wybitnych hodowc\u00f3w z naszego kraju i spoza jego granic. Selektywny dob\u00f3r zar\u00f3wno go\u0142\u0119bi jak i wystawc\u00f3w gwarantuje najwy\u017csz\u0105 jako\u015b\u0107 dostarczanego przez portal materia\u0142u zarodowego oraz go\u0142\u0119bi sportowych. Opieraj\u0105c si\u0119 o w\u0142asne do\u015bwiadczenie pragniemy&nbsp; s\u0142u\u017cy\u0107&nbsp; pomoc\u0105 nie tylko w [&hellip;]<\/p>","protected":false},"author":1,"featured_media":0,"parent":0,"menu_order":0,"comment_status":"closed","ping_status":"closed","template":"","meta":{"footnotes":""},"class_list":["post-4986","page","type-page","status-publish","hentry"],"_links":{"self":[{"href":"https:\/\/pigeonline-aukcje.pl\/en\/wp-json\/wp\/v2\/pages\/4986","targetHints":{"allow":["GET"]}}],"collection":[{"href":"https:\/\/pigeonline-aukcje.pl\/en\/wp-json\/wp\/v2\/pages"}],"about":[{"href":"https:\/\/pigeonline-aukcje.pl\/en\/wp-json\/wp\/v2\/types\/page"}],"author":[{"embeddable":true,"href":"https:\/\/pigeonline-aukcje.pl\/en\/wp-json\/wp\/v2\/users\/1"}],"replies":[{"embeddable":true,"href":"https:\/\/pigeonline-aukcje.pl\/en\/wp-json\/wp\/v2\/comments?post=4986"}],"version-history":[{"count":31,"href":"https:\/\/pigeonline-aukcje.pl\/en\/wp-json\/wp\/v2\/pages\/4986\/revisions"}],"predecessor-version":[{"id":7390,"href":"https:\/\/pigeonline-aukcje.pl\/en\/wp-json\/wp\/v2\/pages\/4986\/revisions\/7390"}],"wp:attachment":[{"href":"https:\/\/pigeonline-aukcje.pl\/en\/wp-json\/wp\/v2\/media?parent=4986"}],"curies":[{"name":"wp","href":"https:\/\/api.w.org\/{rel}","templated":true}]}}