{"id":19,"date":"2023-11-08T14:08:35","date_gmt":"2023-11-08T13:08:35","guid":{"rendered":"http:\/\/pigeonline-aukcje.pl\/?page_id=19"},"modified":"2024-02-29T20:59:40","modified_gmt":"2024-02-29T19:59:40","slug":"hodowcy","status":"publish","type":"page","link":"https:\/\/pigeonline-aukcje.pl\/en\/hodowcy\/","title":{"rendered":"Lista Hodowc\u00f3w"},"content":{"rendered":"<div id=\"dokan-store-listing-filter-wrap\">\n        <div class=\"left\">\n        <p class=\"item store-count\">\n            Total stores showing: 6        <\/p>\n    <\/div>\n\n        <div class=\"right\">\n        <div class=\"item\">\n            <div class=\"dokan-icons\">\n                <div class=\"dokan-icon-div\"><\/div>\n                <div class=\"dokan-icon-div\"><\/div>\n                <div class=\"dokan-icon-div\"><\/div>\n            <\/div>\n\n            <button class=\"dokan-store-list-filter-button dokan-btn dokan-btn-theme\">\n                Filter            <\/button>\n        <\/div>\n\n        <form name=\"stores_sorting\" class=\"sort-by item\" method=\"get\" action=\"\">\n            <label>Sort by:<\/label>\n\n            <select name=\"stores_orderby\" id=\"stores_orderby\" aria-label=\"Sort by\">\n                <option value='most_recent' selected='selected'>Most Recent<\/option><option value='total_orders'>Most Popular<\/option><option value='random'>Random<\/option>            <\/select>\n        <input type=\"hidden\" name=\"trp-form-language\" value=\"en\"\/><\/form>\n\n        <div class=\"toggle-view item\">\n            <span class=\"dashicons dashicons-screenoptions\" data-view=\"grid-view\"><\/span>\n            <span class=\"dashicons dashicons-menu-alt\" data-view=\"list-view\"><\/span>\n        <\/div>\n    <\/div>\n<\/div>\n\n\n<form role=\"store-list-filter\" method=\"get\" name=\"dokan_store_lists_filter_form\" id=\"dokan-store-listing-filter-form-wrap\" style=\"display: none\" action=\"\">\n\n            <div class=\"store-search grid-item\">\n            <input type=\"search\" class=\"store-search-input\" name=\"dokan_seller_search\" placeholder=\"Search Vendors\">\n        <\/div>\n        \n    <div class=\"apply-filter\">\n        <button id=\"cancel-filter-btn\" class=\"dokan-btn dokan-btn-theme\">Cancel<\/button>\n        <button id=\"apply-filter-btn\" class=\"dokan-btn dokan-btn-theme\" type=\"submit\">Apply<\/button>\n    <\/div>\n\n        <input type=\"hidden\" id=\"_store_filter_nonce\" name=\"_store_filter_nonce\" value=\"28aa956324\" \/><input type=\"hidden\" name=\"trp-form-language\" value=\"en\"\/><\/form>\n<div id=\"dokan-seller-listing-wrap\" class=\"grid-view\">\n    <div class=\"seller-listing-content\">\n                    <ul class=\"dokan-seller-wrap\">\n                \n                    <li class=\"dokan-single-seller woocommerce coloum-3 no-banner-img\">\n                        <div class=\"store-wrapper\">\n                            <div class=\"store-header\">\n                                <div class=\"store-banner\">\n                                    <a href=\"https:\/\/pigeonline-aukcje.pl\/en\/hodowca\/zdzisaw-grzegorz\/\">\n                                        <img decoding=\"async\" src=\"https:\/\/pigeonline-aukcje.pl\/wp-content\/plugins\/dokan-lite\/assets\/images\/default-store-banner.png\">\n                                    <\/a>\n                                <\/div>\n                            <\/div>\n\n                            <div class=\"store-content default-store-banner\">\n                                <div class=\"store-data-container\">\n                                    <div class=\"featured-favourite\">\n                                        \n                                                                            <\/div>\n                                    \n                                    <div class=\"store-data\">\n                                        <h2><a href=\"https:\/\/pigeonline-aukcje.pl\/en\/hodowca\/zdzisaw-grzegorz\/\">Zdzis\u0142aw Grzegorz<\/a> <\/h2>\n\n                                        \n                                                                                                                                <p class=\"store-address\"><span class='street_1'> PZHGP 020 Cieszyn - Zdzis\u0142aw Grzegorz wielokrotny mistrz oddzia\u0142u , rejonu, okr\u0119gu . W sezonie 2024- 2 przodownik Polski w Supermaratonie. Hodowca charakteryzuj\u0105cy si\u0119 ogromn\u0105 pasj\u0105 to codziennej opieki nad swoimi pupilami. Go\u0142\u0119bie Zdzis\u0142awa Grzegorz cechuje przepi\u0119kna budowa i wytrwa\u0142o\u015b\u0107. Selekcjonowane od lat go\u0142\u0119bie z doskona\u0142ymi wynikami zamieszkuj\u0105 go\u0142\u0119bnik zarodowy kolegi Zdzis\u0142awa co czyni go bardzo stabilnym je\u015bli chodzi o coroczne wyniki lotowe.,<\/span><\/p>\n                                        \n                                        \n                                                                            <\/div>\n                                <\/div>\n                            <\/div>\n\n                            <div class=\"store-footer\">\n                                <div class=\"seller-avatar\">\n                                    <a href=\"https:\/\/pigeonline-aukcje.pl\/en\/hodowca\/zdzisaw-grzegorz\/\">\n                                        <img decoding=\"async\" src=\"https:\/\/pigeonline-aukcje.pl\/wp-content\/uploads\/2025\/02\/IMG_1476.jpg\"\n                                            alt=\"Zdzis\u0142aw Grzegorz\"\n                                            size=\"150\">\n                                    <\/a>\n                                <\/div>\n                                <a href=\"https:\/\/pigeonline-aukcje.pl\/en\/hodowca\/zdzisaw-grzegorz\/\" title=\"Visit Store\">\n                                    <span class=\"dashicons dashicons-arrow-right-alt2 dokan-btn-theme dokan-btn-round\"><\/span>\n                                <\/a>\n                                                            <\/div>\n                        <\/div>\n                    <\/li>\n\n                \n                    <li class=\"dokan-single-seller woocommerce coloum-3 no-banner-img\">\n                        <div class=\"store-wrapper\">\n                            <div class=\"store-header\">\n                                <div class=\"store-banner\">\n                                    <a href=\"https:\/\/pigeonline-aukcje.pl\/en\/hodowca\/rm-klement\/\">\n                                        <img decoding=\"async\" src=\"https:\/\/pigeonline-aukcje.pl\/wp-content\/plugins\/dokan-lite\/assets\/images\/default-store-banner.png\">\n                                    <\/a>\n                                <\/div>\n                            <\/div>\n\n                            <div class=\"store-content default-store-banner\">\n                                <div class=\"store-data-container\">\n                                    <div class=\"featured-favourite\">\n                                        \n                                                                            <\/div>\n                                    \n                                    <div class=\"store-data\">\n                                        <h2><a href=\"https:\/\/pigeonline-aukcje.pl\/en\/hodowca\/rm-klement\/\">R&amp;M Klement<\/a> <\/h2>\n\n                                        \n                                                                                                                                <p class=\"store-address\"><span class='street_1'> R&amp;M Klement to hodowcy , kt\u00f3rych wyniki lotowe plasuj\u0105 ich w \u015bcis\u0142ej czo\u0142\u00f3wce niemieckich wy\u015bcig\u00f3w go\u0142\u0119bi pocztowych. O jako\u015bci go\u0142\u0119bnika rozp\u0142odowego R&amp;M Klement przekona\u0142o si\u0119 ju\u017c bardzo wielu hodowc\u00f3w z ca\u0142ej europy. W rodowodach ich go\u0142\u0119bi znajdziecie drodzy hodowcy ptaki od takich hodowc\u00f3w jak G.Prange , W.Roeper, H.Kallen, G. Koopman, Behrens, czy nawet Gebr. Leideman. Hodowcy ,ktorzy zawsze stawiali na najwy\u017csz\u0105 jako\u015b\u0107 ,a ich post\u0119powania przynosi oczekiwane efekty.,<\/span><\/p>\n                                        \n                                        \n                                                                            <\/div>\n                                <\/div>\n                            <\/div>\n\n                            <div class=\"store-footer\">\n                                <div class=\"seller-avatar\">\n                                    <a href=\"https:\/\/pigeonline-aukcje.pl\/en\/hodowca\/rm-klement\/\">\n                                        <img decoding=\"async\" src=\"https:\/\/pigeonline-aukcje.pl\/wp-content\/uploads\/2025\/02\/IMG_1475.png\"\n                                            alt=\"R&amp;M Klement\"\n                                            size=\"150\">\n                                    <\/a>\n                                <\/div>\n                                <a href=\"https:\/\/pigeonline-aukcje.pl\/en\/hodowca\/rm-klement\/\" title=\"Visit Store\">\n                                    <span class=\"dashicons dashicons-arrow-right-alt2 dokan-btn-theme dokan-btn-round\"><\/span>\n                                <\/a>\n                                                            <\/div>\n                        <\/div>\n                    <\/li>\n\n                \n                    <li class=\"dokan-single-seller woocommerce coloum-3 no-banner-img\">\n                        <div class=\"store-wrapper\">\n                            <div class=\"store-header\">\n                                <div class=\"store-banner\">\n                                    <a href=\"https:\/\/pigeonline-aukcje.pl\/en\/hodowca\/golden-breeding-loft\/\">\n                                        <img decoding=\"async\" src=\"https:\/\/pigeonline-aukcje.pl\/wp-content\/plugins\/dokan-lite\/assets\/images\/default-store-banner.png\">\n                                    <\/a>\n                                <\/div>\n                            <\/div>\n\n                            <div class=\"store-content default-store-banner\">\n                                <div class=\"store-data-container\">\n                                    <div class=\"featured-favourite\">\n                                        \n                                                                            <\/div>\n                                    \n                                    <div class=\"store-data\">\n                                        <h2><a href=\"https:\/\/pigeonline-aukcje.pl\/en\/hodowca\/golden-breeding-loft\/\">Golden Breeding Loft<\/a> <\/h2>\n\n                                        \n                                                                                                                                <p class=\"store-address\"><span class='street_1'> Golden Breeding Loft - stacja hodowlana prowadzona przez Patrycj\u0119 Ko\u0142odziejczyk skupiaj\u0105ca na go\u0142\u0119bniku ptaki od Guntera Prange oraz Gerarda Koopmanna. Go\u0142\u0119bie zamieszkuj\u0105ce go\u0142ebnik w Radomsku to wyselekcjonowane ptaki pochodz\u0105ce z najlepszych lini rozp\u0142odowych s\u0142ynnego na ca\u0142ym \u015bwiecie Guntera Prange i Gerarda Koopmana. Wieloletnia znajomo\u015b\u0107 Patrycji z tymi znanymi i cenionymi hodowcami zaowocowa\u0142a stworzeniem filenijnego go\u0142ebnika obu Pan\u00f3w. Rok rocznie Gunter Prange osobi\u015bcie \u0142\u0105czy w pary go\u0142\u0119bie w GBL co pozwala zaspokoi\u0107 oczekiwania najbardziej wymagaj\u0105cych klient\u00f3w. Golden Breeding Loft to solidne fundamenty pod SUKCES !!!!!!,<\/span><\/p>\n                                        \n                                        \n                                                                            <\/div>\n                                <\/div>\n                            <\/div>\n\n                            <div class=\"store-footer\">\n                                <div class=\"seller-avatar\">\n                                    <a href=\"https:\/\/pigeonline-aukcje.pl\/en\/hodowca\/golden-breeding-loft\/\">\n                                        <img decoding=\"async\" src=\"https:\/\/pigeonline-aukcje.pl\/wp-content\/uploads\/2025\/02\/IMG_1474.png\"\n                                            alt=\"Golden Breeding Loft\"\n                                            size=\"150\">\n                                    <\/a>\n                                <\/div>\n                                <a href=\"https:\/\/pigeonline-aukcje.pl\/en\/hodowca\/golden-breeding-loft\/\" title=\"Visit Store\">\n                                    <span class=\"dashicons dashicons-arrow-right-alt2 dokan-btn-theme dokan-btn-round\"><\/span>\n                                <\/a>\n                                                            <\/div>\n                        <\/div>\n                    <\/li>\n\n                \n                    <li class=\"dokan-single-seller woocommerce coloum-3 no-banner-img\">\n                        <div class=\"store-wrapper\">\n                            <div class=\"store-header\">\n                                <div class=\"store-banner\">\n                                    <a href=\"https:\/\/pigeonline-aukcje.pl\/en\/hodowca\/asp-kopytko\/\">\n                                        <img decoding=\"async\" src=\"https:\/\/pigeonline-aukcje.pl\/wp-content\/plugins\/dokan-lite\/assets\/images\/default-store-banner.png\">\n                                    <\/a>\n                                <\/div>\n                            <\/div>\n\n                            <div class=\"store-content default-store-banner\">\n                                <div class=\"store-data-container\">\n                                    <div class=\"featured-favourite\">\n                                        \n                                                                            <\/div>\n                                    \n                                    <div class=\"store-data\">\n                                        <h2><a href=\"https:\/\/pigeonline-aukcje.pl\/en\/hodowca\/asp-kopytko\/\">A.S.P. Kopytko<\/a> <\/h2>\n\n                                        \n                                                                                                                                <p class=\"store-address\"><span class='street_1 street_2'> PZHGP 0248 Brzeg, Tradycja , pasja i wytrwa\u0142o\u015b\u0107 w d\u0105\u017ceniu do doskona\u0142o\u015bci pozwoli\u0142y na osi\u0105ganie wybitnych wynik\u00f3w\u2026. Mistrzostwo Polski GMP V-ce Mistrzostwo Polski w kat. Maraton V-ce Mistrzostwo Polski w kat. Super Maraton oraz wiele Mistrzostw na poziomie Regionu , Okr\u0119gu , Oddzia\u0142u pokazuj\u0105 jako\u015b\u0107 go\u0142\u0119bi zamieszkuj\u0105cych go\u0142\u0119bniki w Lubszy\u2026<\/span><\/p>\n                                        \n                                        \n                                                                            <\/div>\n                                <\/div>\n                            <\/div>\n\n                            <div class=\"store-footer\">\n                                <div class=\"seller-avatar\">\n                                    <a href=\"https:\/\/pigeonline-aukcje.pl\/en\/hodowca\/asp-kopytko\/\">\n                                        <img decoding=\"async\" src=\"https:\/\/pigeonline-aukcje.pl\/wp-content\/uploads\/2024\/02\/Kopytko-e1706822588150.jpg\"\n                                            alt=\"A.S.P. Kopytko\"\n                                            size=\"150\">\n                                    <\/a>\n                                <\/div>\n                                <a href=\"https:\/\/pigeonline-aukcje.pl\/en\/hodowca\/asp-kopytko\/\" title=\"Visit Store\">\n                                    <span class=\"dashicons dashicons-arrow-right-alt2 dokan-btn-theme dokan-btn-round\"><\/span>\n                                <\/a>\n                                                            <\/div>\n                        <\/div>\n                    <\/li>\n\n                \n                    <li class=\"dokan-single-seller woocommerce coloum-3 no-banner-img\">\n                        <div class=\"store-wrapper\">\n                            <div class=\"store-header\">\n                                <div class=\"store-banner\">\n                                    <a href=\"https:\/\/pigeonline-aukcje.pl\/en\/hodowca\/artur-zambrzycki\/\">\n                                        <img decoding=\"async\" src=\"https:\/\/pigeonline-aukcje.pl\/wp-content\/plugins\/dokan-lite\/assets\/images\/default-store-banner.png\">\n                                    <\/a>\n                                <\/div>\n                            <\/div>\n\n                            <div class=\"store-content default-store-banner\">\n                                <div class=\"store-data-container\">\n                                    <div class=\"featured-favourite\">\n                                        \n                                                                            <\/div>\n                                    \n                                    <div class=\"store-data\">\n                                        <h2><a href=\"https:\/\/pigeonline-aukcje.pl\/en\/hodowca\/artur-zambrzycki\/\">Artur Zambrzycki<\/a> <\/h2>\n\n                                        \n                                                                                                                                <p class=\"store-address\"><span class='street_1 street_2'> PZHGP 0307 PYRZYCE, Mistrz Rejonu, Okr\u0119gu i Regionu ,w\u0142a\u015bciciel i hodowca go\u0142\u0119bia olimpijskiego PL-OL-19-925189 z\u0142oto w kat sport I- 1,22 COEF.<\/span><\/p>\n                                        \n                                        \n                                                                            <\/div>\n                                <\/div>\n                            <\/div>\n\n                            <div class=\"store-footer\">\n                                <div class=\"seller-avatar\">\n                                    <a href=\"https:\/\/pigeonline-aukcje.pl\/en\/hodowca\/artur-zambrzycki\/\">\n                                        <img decoding=\"async\" src=\"https:\/\/pigeonline-aukcje.pl\/wp-content\/uploads\/2024\/01\/Artur-Zambrzycki.jpg\"\n                                            alt=\"Artur Zambrzycki\"\n                                            size=\"150\">\n                                    <\/a>\n                                <\/div>\n                                <a href=\"https:\/\/pigeonline-aukcje.pl\/en\/hodowca\/artur-zambrzycki\/\" title=\"Visit Store\">\n                                    <span class=\"dashicons dashicons-arrow-right-alt2 dokan-btn-theme dokan-btn-round\"><\/span>\n                                <\/a>\n                                                            <\/div>\n                        <\/div>\n                    <\/li>\n\n                \n                    <li class=\"dokan-single-seller woocommerce coloum-3 no-banner-img\">\n                        <div class=\"store-wrapper\">\n                            <div class=\"store-header\">\n                                <div class=\"store-banner\">\n                                    <a href=\"https:\/\/pigeonline-aukcje.pl\/en\/hodowca\/marcin-bochynek\/\">\n                                        <img decoding=\"async\" src=\"https:\/\/pigeonline-aukcje.pl\/wp-content\/plugins\/dokan-lite\/assets\/images\/default-store-banner.png\">\n                                    <\/a>\n                                <\/div>\n                            <\/div>\n\n                            <div class=\"store-content default-store-banner\">\n                                <div class=\"store-data-container\">\n                                    <div class=\"featured-favourite\">\n                                        \n                                                                            <\/div>\n                                    \n                                    <div class=\"store-data\">\n                                        <h2><a href=\"https:\/\/pigeonline-aukcje.pl\/en\/hodowca\/marcin-bochynek\/\">Marcin Bochynek<\/a> <\/h2>\n\n                                        \n                                                                                                                                <p class=\"store-address\"><span class='street_1 street_2'> PZHGP 0500 \u2013 CHORZ\u00d3W-BYTOM-\u015aWI\u0118TOCH\u0141OWICE, wielokrotny Mistrz rejonu, Mistrz Okr\u0119gu ,oraz v-ce Mistrz Polski kat B, hodowca PL-0166-01-7840 srebrny medal w kat B - 6,33 coef. PL-0166-09-267 Olimpiada Pozna\u0144 w kat. G -7,45 coef.<\/span><\/p>\n                                        \n                                        \n                                                                            <\/div>\n                                <\/div>\n                            <\/div>\n\n                            <div class=\"store-footer\">\n                                <div class=\"seller-avatar\">\n                                    <a href=\"https:\/\/pigeonline-aukcje.pl\/en\/hodowca\/marcin-bochynek\/\">\n                                        <img decoding=\"async\" src=\"https:\/\/pigeonline-aukcje.pl\/wp-content\/uploads\/2024\/02\/Bochynek-2-e1706822930966.jpg\"\n                                            alt=\"Marcin Bochynek\"\n                                            size=\"150\">\n                                    <\/a>\n                                <\/div>\n                                <a href=\"https:\/\/pigeonline-aukcje.pl\/en\/hodowca\/marcin-bochynek\/\" title=\"Visit Store\">\n                                    <span class=\"dashicons dashicons-arrow-right-alt2 dokan-btn-theme dokan-btn-round\"><\/span>\n                                <\/a>\n                                                            <\/div>\n                        <\/div>\n                    <\/li>\n\n                                <div class=\"dokan-clearfix\"><\/div>\n            <\/ul> <!-- .dokan-seller-wrap -->\n\n            \n            <\/div>\n<\/div>","protected":false},"excerpt":{"rendered":"","protected":false},"author":1,"featured_media":0,"parent":0,"menu_order":0,"comment_status":"closed","ping_status":"closed","template":"","meta":{"footnotes":""},"class_list":["post-19","page","type-page","status-publish","hentry"],"_links":{"self":[{"href":"https:\/\/pigeonline-aukcje.pl\/en\/wp-json\/wp\/v2\/pages\/19","targetHints":{"allow":["GET"]}}],"collection":[{"href":"https:\/\/pigeonline-aukcje.pl\/en\/wp-json\/wp\/v2\/pages"}],"about":[{"href":"https:\/\/pigeonline-aukcje.pl\/en\/wp-json\/wp\/v2\/types\/page"}],"author":[{"embeddable":true,"href":"https:\/\/pigeonline-aukcje.pl\/en\/wp-json\/wp\/v2\/users\/1"}],"replies":[{"embeddable":true,"href":"https:\/\/pigeonline-aukcje.pl\/en\/wp-json\/wp\/v2\/comments?post=19"}],"version-history":[{"count":4,"href":"https:\/\/pigeonline-aukcje.pl\/en\/wp-json\/wp\/v2\/pages\/19\/revisions"}],"predecessor-version":[{"id":7562,"href":"https:\/\/pigeonline-aukcje.pl\/en\/wp-json\/wp\/v2\/pages\/19\/revisions\/7562"}],"wp:attachment":[{"href":"https:\/\/pigeonline-aukcje.pl\/en\/wp-json\/wp\/v2\/media?parent=19"}],"curies":[{"name":"wp","href":"https:\/\/api.w.org\/{rel}","templated":true}]}}